{"id":603,"date":"2025-06-27T11:14:37","date_gmt":"2025-06-27T11:14:37","guid":{"rendered":"https:\/\/gold-dunlin-395022.hostingersite.com\/?page_id=603"},"modified":"2025-06-27T11:19:18","modified_gmt":"2025-06-27T11:19:18","slug":"politica-de-cookies","status":"publish","type":"page","link":"https:\/\/techfablab-larioja.es\/?page_id=603","title":{"rendered":"Pol\u00edtica de cookies"},"content":{"rendered":"\t\t<div data-elementor-type=\"wp-page\" data-elementor-id=\"603\" class=\"elementor elementor-603\">\n\t\t\t\t<div class=\"elementor-element elementor-element-32b2828 e-flex e-con-boxed e-con e-parent\" data-id=\"32b2828\" data-element_type=\"container\" data-e-type=\"container\">\n\t\t\t\t\t<div class=\"e-con-inner\">\n\t\t\t\t<div class=\"elementor-element elementor-element-c6f87eb elementor-widget elementor-widget-text-editor\" data-id=\"c6f87eb\" data-element_type=\"widget\" data-e-type=\"widget\" data-widget_type=\"text-editor.default\">\n\t\t\t\t<div class=\"elementor-widget-container\">\n\t\t\t\t\t\t\t\t\t<p>Pol\u00edtica de cookies<\/p>\t\t\t\t\t\t\t\t<\/div>\n\t\t\t\t<\/div>\n\t\t\t\t\t<\/div>\n\t\t\t\t<\/div>\n\t\t<div class=\"elementor-element elementor-element-c57beba e-flex e-con-boxed e-con e-parent\" data-id=\"c57beba\" data-element_type=\"container\" data-e-type=\"container\">\n\t\t\t\t\t<div class=\"e-con-inner\">\n\t\t\t\t<div class=\"elementor-element elementor-element-bbd8865 elementor-widget elementor-widget-text-editor\" data-id=\"bbd8865\" data-element_type=\"widget\" data-e-type=\"widget\" data-widget_type=\"text-editor.default\">\n\t\t\t\t<div class=\"elementor-widget-container\">\n\t\t\t\t\t\t\t\t\t<p>La TechFabLab &#8211; La Rioja utiliza Cookies. Las Cookies son ficheros enviados a un navegador por medio de un servidor web para registrar las actividades del Usuario en una web determinada. La primera finalidad de las Cookies es la de facilitar al usuario un acceso m\u00e1s r\u00e1pido a los servicios seleccionados. Adem\u00e1s, las Cookies personalizan los servicios que ofrece la Web, facilitando y ofreciendo a cada usuario informaci\u00f3n que es de su inter\u00e9s o que puede ser de su inter\u00e9s, en atenci\u00f3n al uso que realiza de los Servicios.<\/p><p>La Web utiliza Cookies para personalizar y facilitar al m\u00e1ximo la navegaci\u00f3n del usuario. Las Cookies se asocian \u00fanicamente a un usuario an\u00f3nimo y su ordenador y no proporcionan referencias que permitan deducir datos personales del usuario. El usuario podr\u00e1 configurar su navegador para que notifique y rechace la instalaci\u00f3n las Cookies enviadas por la Web, sin que ello perjudique la posibilidad del usuario de acceder a los contenidos de dicha web. Sin embargo, le hacemos notar que, en todo caso, la calidad de funcionamiento de la p\u00e1gina Web puede disminuir.<\/p><p>Los usuarios registrados, que se registren o que hayan iniciado sesi\u00f3n, podr\u00e1n beneficiarse de unos servicios m\u00e1s personalizados y orientados a su perfil, gracias a la combinaci\u00f3n de los datos almacenados en las cookies con los datos personales utilizados en el momento de su registro. Dichos usuarios autorizan expresamente el uso de esta informaci\u00f3n con la finalidad indicada, sin perjuicio de su derecho a rechazar o deshabilitar el uso de cookies.\u00a0<\/p><p>Asimismo, la Web podr\u00e1 saber todos los servicios solicitados por los usuarios, de forma que podr\u00e1n facilitar u ofrecer informaci\u00f3n adecuada a los gustos y preferencias de cada usuario.<\/p><p data-start=\"595\" data-end=\"632\"><strong data-start=\"595\" data-end=\"632\"><span style=\"vertical-align: inherit;\"><span style=\"vertical-align: inherit;\"><span style=\"vertical-align: inherit;\"><span style=\"vertical-align: inherit;\">\u00bfPara qu\u00e9 utilizamos las cookies?<\/span><\/span><\/span><\/span><\/strong><\/p><p data-start=\"634\" data-end=\"804\"><span style=\"vertical-align: inherit;\"><span style=\"vertical-align: inherit;\"><span style=\"vertical-align: inherit;\"><span style=\"vertical-align: inherit;\">En este sitio web, utilizamos cookies para mejorar la funcionalidad del sitio y proporcionarte una experiencia personalizada. Las cookies nos permiten, entre otras cosas:<\/span><\/span><\/span><\/span><\/p><ol style=\"caret-color: #000000; color: #000000; text-size-adjust: auto;\" data-start=\"606\" data-end=\"2699\"><li data-start=\"606\" data-end=\"991\"><p data-start=\"609\" data-end=\"991\"><strong data-start=\"609\" data-end=\"631\"><span style=\"vertical-align: inherit;\"><span style=\"vertical-align: inherit;\">Cookies necesarias<\/span><\/span><\/strong><span style=\"vertical-align: inherit;\"><span style=\"vertical-align: inherit;\"> : Estas cookies son esenciales para el funcionamiento b\u00e1sico de nuestro sitio web. Nos permiten, por ejemplo, guardar la informaci\u00f3n de inicio de sesi\u00f3n, mantenerte conectado mientras navegas por el sitio, y garantizar que puedas navegar de manera segura por las p\u00e1ginas. Sin estas cookies, algunas funcionalidades de nuestro sitio no estar\u00edan disponibles.<\/span><\/span><\/p><\/li><li data-start=\"993\" data-end=\"1498\"><p data-start=\"996\" data-end=\"1498\"><strong data-start=\"996\" data-end=\"1033\"><span style=\"vertical-align: inherit;\"><span style=\"vertical-align: inherit;\">Cookies de rendimiento y an\u00e1lisis<\/span><\/span><\/strong><span style=\"vertical-align: inherit;\"><span style=\"vertical-align: inherit;\"> : Utilizamos cookies para recopilar informaci\u00f3n sobre c\u00f3mo los usuarios interact\u00faan con nuestro sitio. Esto nos ayuda a mejorar la experiencia de navegaci\u00f3n al identificar qu\u00e9 p\u00e1ginas son m\u00e1s populares, cu\u00e1nto tiempo permanecen los usuarios en ellas, y si tienen problemas al navegar. Para ello, podemos utilizar herramientas de an\u00e1lisis como\u00a0 <\/span><\/span><strong data-start=\"1377\" data-end=\"1397\"><span style=\"vertical-align: inherit;\"><span style=\"vertical-align: inherit;\">Google Analytics<\/span><\/span><\/strong><span style=\"vertical-align: inherit;\"><span style=\"vertical-align: inherit;\"> \u00a0o\u00a0 <\/span><\/span><strong data-start=\"1400\" data-end=\"1410\"><span style=\"vertical-align: inherit;\"><span style=\"vertical-align: inherit;\">Hotjar<\/span><\/span><\/strong><span style=\"vertical-align: inherit;\"><span style=\"vertical-align: inherit;\"> . Estas cookies nos permiten mejorar la estructura y el contenido de nuestra p\u00e1gina web.<\/span><\/span><\/p><\/li><li data-start=\"1500\" data-end=\"1840\"><p data-start=\"1503\" data-end=\"1840\"><strong data-start=\"1503\" data-end=\"1526\"><span style=\"vertical-align: inherit;\"><span style=\"vertical-align: inherit;\">Cookies funcionales<\/span><\/span><\/strong><span style=\"vertical-align: inherit;\"><span style=\"vertical-align: inherit;\"> : Estas cookies nos permiten recordar tus preferencias (como el idioma o la regi\u00f3n en la que te encuentras) para proporcionarte una experiencia m\u00e1s personalizada. Tambi\u00e9n permiten que funciones espec\u00edficas del sitio web funcionen correctamente, como mantener tus preferencias de visualizaci\u00f3n durante tu visita.<\/span><\/span><\/p><\/li><li data-start=\"1842\" data-end=\"2230\"><p data-start=\"1845\" data-end=\"2230\"><strong data-start=\"1845\" data-end=\"1882\"><span style=\"vertical-align: inherit;\"><span style=\"vertical-align: inherit;\">Cookies de publicidad y marketing<\/span><\/span><\/strong><span style=\"vertical-align: inherit;\"><span style=\"vertical-align: inherit;\"> : Usamos cookies para ofrecer anuncios que sean m\u00e1s relevantes para ti. Estas cookies permiten que nuestro sitio y los sitios de terceros muestren anuncios basados en tus intereses, obtenidos a trav\u00e9s de tu actividad de navegaci\u00f3n. Tambi\u00e9n nos ayuda a medir la eficacia de nuestras campa\u00f1as publicitarias y recomendar promociones personalizadas.<\/span><\/span><\/p><\/li><li data-start=\"2232\" data-end=\"2699\"><p data-start=\"2235\" data-end=\"2699\"><strong data-start=\"2235\" data-end=\"2264\"><span style=\"vertical-align: inherit;\"><span style=\"vertical-align: inherit;\">Cookies de redes sociales<\/span><\/span><\/strong><span style=\"vertical-align: inherit;\"><span style=\"vertical-align: inherit;\"> : Algunas p\u00e1ginas de nuestro sitio pueden incluir botones o enlaces a plataformas de redes sociales (como Facebook, Twitter, Instagram, etc.). Estas redes sociales pueden utilizar cookies para reconocer a los usuarios que ya est\u00e1n conectados a sus cuentas, permiti\u00e9ndoles compartir contenido y realizar otras acciones. No controlamos estas cookies y te recomendamos revisar las pol\u00edticas de cookies de las plataformas correspondientes.<\/span><\/span><\/p><\/li><\/ol><p style=\"caret-color: #000000; color: #000000; text-size-adjust: auto;\" data-start=\"2701\" data-end=\"2749\"><strong data-start=\"2701\" data-end=\"2749\"><span style=\"vertical-align: inherit;\"><span style=\"vertical-align: inherit;\">\u00bfPor cu\u00e1nto tiempo se almacenan las cookies?<\/span><\/span><\/strong><\/p><p style=\"caret-color: #000000; color: #000000; text-size-adjust: auto;\" data-start=\"2751\" data-end=\"2798\"><span style=\"vertical-align: inherit;\"><span style=\"vertical-align: inherit;\">La duraci\u00f3n de las cookies var\u00eda seg\u00fan su tipo:<\/span><\/span><\/p><ul style=\"caret-color: #000000; color: #000000; text-size-adjust: auto;\" data-start=\"2799\" data-end=\"3043\"><li data-start=\"2799\" data-end=\"2880\"><strong data-start=\"2801\" data-end=\"2822\"><span style=\"vertical-align: inherit;\"><span style=\"vertical-align: inherit;\">Cookies de sesi\u00f3n<\/span><\/span><\/strong><span style=\"vertical-align: inherit;\"><span style=\"vertical-align: inherit;\"> : Se eliminan autom\u00e1ticamente cuando cierras tu navegador.<\/span><\/span><\/li><li data-start=\"2881\" data-end=\"3043\"><strong data-start=\"2883\" data-end=\"2907\"><span style=\"vertical-align: inherit;\"><span style=\"vertical-align: inherit;\">Cookies persistentes<\/span><\/span><\/strong><span style=\"vertical-align: inherit;\"><span style=\"vertical-align: inherit;\"> : Permiten que la informaci\u00f3n se mantenga almacenada durante un per\u00edodo de tiempo determinado y se utilicen en visitas futuras al sitio.<\/span><\/span><\/li><\/ul><div><span style=\"color: #000000;\"><span style=\"caret-color: #000000;\">\u00a0<\/span><\/span><strong data-start=\"3045\" data-end=\"3084\"><span style=\"vertical-align: inherit;\"><span style=\"vertical-align: inherit;\">\u00bfC\u00f3mo puedes gestionar las cookies?<\/span><\/span><\/strong><\/div><p style=\"caret-color: #000000; color: #000000; text-size-adjust: auto;\" data-start=\"3086\" data-end=\"3327\"><span style=\"vertical-align: inherit;\"><span style=\"vertical-align: inherit;\">Puedes aceptar, rechazar o eliminar las cookies en cualquier momento a trav\u00e9s de la configuraci\u00f3n de tu navegador, aunque ten en cuenta que desactivar ciertas cookies puede afectar el funcionamiento de algunas funciones de nuestro sitio web.<\/span><\/span><\/p><p data-start=\"1993\" data-end=\"2025\">\u00a0<\/p>\t\t\t\t\t\t\t\t<\/div>\n\t\t\t\t<\/div>\n\t\t\t\t\t<\/div>\n\t\t\t\t<\/div>\n\t\t\t\t<\/div>\n\t\t","protected":false},"excerpt":{"rendered":"<p>Pol\u00edtica de cookies La TechFabLab &#8211; La Rioja utiliza Cookies. Las Cookies son ficheros enviados a un navegador por medio de un servidor web para registrar las actividades del Usuario en una web determinada. La primera finalidad de las Cookies es la de facilitar al usuario un acceso m\u00e1s r\u00e1pido a los servicios seleccionados. Adem\u00e1s, [&hellip;]<\/p>\n","protected":false},"author":1,"featured_media":0,"parent":0,"menu_order":0,"comment_status":"closed","ping_status":"closed","template":"elementor_canvas","meta":{"footnotes":""},"class_list":["post-603","page","type-page","status-publish","hentry"],"yoast_head":"<!-- This site is optimized with the Yoast SEO plugin v25.4 - https:\/\/yoast.com\/wordpress\/plugins\/seo\/ -->\n<title>Pol\u00edtica de cookies - TechFabLab - La Rioja<\/title>\n<meta name=\"robots\" content=\"index, follow, max-snippet:-1, max-image-preview:large, max-video-preview:-1\" \/>\n<link rel=\"canonical\" href=\"https:\/\/techfablab-larioja.es\/?page_id=603\" \/>\n<meta property=\"og:locale\" content=\"es_ES\" \/>\n<meta property=\"og:type\" content=\"article\" \/>\n<meta property=\"og:title\" content=\"Pol\u00edtica de cookies - TechFabLab - La Rioja\" \/>\n<meta property=\"og:description\" content=\"Pol\u00edtica de cookies La TechFabLab &#8211; La Rioja utiliza Cookies. Las Cookies son ficheros enviados a un navegador por medio de un servidor web para registrar las actividades del Usuario en una web determinada. La primera finalidad de las Cookies es la de facilitar al usuario un acceso m\u00e1s r\u00e1pido a los servicios seleccionados. Adem\u00e1s, [&hellip;]\" \/>\n<meta property=\"og:url\" content=\"https:\/\/techfablab-larioja.es\/?page_id=603\" \/>\n<meta property=\"og:site_name\" content=\"TechFabLab - La Rioja\" \/>\n<meta property=\"article:modified_time\" content=\"2025-06-27T11:19:18+00:00\" \/>\n<meta name=\"twitter:card\" content=\"summary_large_image\" \/>\n<meta name=\"twitter:label1\" content=\"Tiempo de lectura\" \/>\n\t<meta name=\"twitter:data1\" content=\"4 minutos\" \/>\n<script type=\"application\/ld+json\" class=\"yoast-schema-graph\">{\"@context\":\"https:\/\/schema.org\",\"@graph\":[{\"@type\":\"WebPage\",\"@id\":\"https:\/\/techfablab-larioja.es\/?page_id=603\",\"url\":\"https:\/\/techfablab-larioja.es\/?page_id=603\",\"name\":\"Pol\u00edtica de cookies - TechFabLab - La Rioja\",\"isPartOf\":{\"@id\":\"https:\/\/techfablab-larioja.es\/#website\"},\"datePublished\":\"2025-06-27T11:14:37+00:00\",\"dateModified\":\"2025-06-27T11:19:18+00:00\",\"breadcrumb\":{\"@id\":\"https:\/\/techfablab-larioja.es\/?page_id=603#breadcrumb\"},\"inLanguage\":\"es\",\"potentialAction\":[{\"@type\":\"ReadAction\",\"target\":[\"https:\/\/techfablab-larioja.es\/?page_id=603\"]}]},{\"@type\":\"BreadcrumbList\",\"@id\":\"https:\/\/techfablab-larioja.es\/?page_id=603#breadcrumb\",\"itemListElement\":[{\"@type\":\"ListItem\",\"position\":1,\"name\":\"Portada\",\"item\":\"https:\/\/techfablab-larioja.es\/\"},{\"@type\":\"ListItem\",\"position\":2,\"name\":\"Pol\u00edtica de cookies\"}]},{\"@type\":\"WebSite\",\"@id\":\"https:\/\/techfablab-larioja.es\/#website\",\"url\":\"https:\/\/techfablab-larioja.es\/\",\"name\":\"TechFabLab - La Rioja\",\"description\":\"\",\"potentialAction\":[{\"@type\":\"SearchAction\",\"target\":{\"@type\":\"EntryPoint\",\"urlTemplate\":\"https:\/\/techfablab-larioja.es\/?s={search_term_string}\"},\"query-input\":{\"@type\":\"PropertyValueSpecification\",\"valueRequired\":true,\"valueName\":\"search_term_string\"}}],\"inLanguage\":\"es\"}]}<\/script>\n<!-- \/ Yoast SEO plugin. -->","yoast_head_json":{"title":"Pol\u00edtica de cookies - TechFabLab - La Rioja","robots":{"index":"index","follow":"follow","max-snippet":"max-snippet:-1","max-image-preview":"max-image-preview:large","max-video-preview":"max-video-preview:-1"},"canonical":"https:\/\/techfablab-larioja.es\/?page_id=603","og_locale":"es_ES","og_type":"article","og_title":"Pol\u00edtica de cookies - TechFabLab - La Rioja","og_description":"Pol\u00edtica de cookies La TechFabLab &#8211; La Rioja utiliza Cookies. Las Cookies son ficheros enviados a un navegador por medio de un servidor web para registrar las actividades del Usuario en una web determinada. La primera finalidad de las Cookies es la de facilitar al usuario un acceso m\u00e1s r\u00e1pido a los servicios seleccionados. Adem\u00e1s, [&hellip;]","og_url":"https:\/\/techfablab-larioja.es\/?page_id=603","og_site_name":"TechFabLab - La Rioja","article_modified_time":"2025-06-27T11:19:18+00:00","twitter_card":"summary_large_image","twitter_misc":{"Tiempo de lectura":"4 minutos"},"schema":{"@context":"https:\/\/schema.org","@graph":[{"@type":"WebPage","@id":"https:\/\/techfablab-larioja.es\/?page_id=603","url":"https:\/\/techfablab-larioja.es\/?page_id=603","name":"Pol\u00edtica de cookies - TechFabLab - La Rioja","isPartOf":{"@id":"https:\/\/techfablab-larioja.es\/#website"},"datePublished":"2025-06-27T11:14:37+00:00","dateModified":"2025-06-27T11:19:18+00:00","breadcrumb":{"@id":"https:\/\/techfablab-larioja.es\/?page_id=603#breadcrumb"},"inLanguage":"es","potentialAction":[{"@type":"ReadAction","target":["https:\/\/techfablab-larioja.es\/?page_id=603"]}]},{"@type":"BreadcrumbList","@id":"https:\/\/techfablab-larioja.es\/?page_id=603#breadcrumb","itemListElement":[{"@type":"ListItem","position":1,"name":"Portada","item":"https:\/\/techfablab-larioja.es\/"},{"@type":"ListItem","position":2,"name":"Pol\u00edtica de cookies"}]},{"@type":"WebSite","@id":"https:\/\/techfablab-larioja.es\/#website","url":"https:\/\/techfablab-larioja.es\/","name":"TechFabLab - La Rioja","description":"","potentialAction":[{"@type":"SearchAction","target":{"@type":"EntryPoint","urlTemplate":"https:\/\/techfablab-larioja.es\/?s={search_term_string}"},"query-input":{"@type":"PropertyValueSpecification","valueRequired":true,"valueName":"search_term_string"}}],"inLanguage":"es"}]}},"_links":{"self":[{"href":"https:\/\/techfablab-larioja.es\/index.php?rest_route=\/wp\/v2\/pages\/603","targetHints":{"allow":["GET"]}}],"collection":[{"href":"https:\/\/techfablab-larioja.es\/index.php?rest_route=\/wp\/v2\/pages"}],"about":[{"href":"https:\/\/techfablab-larioja.es\/index.php?rest_route=\/wp\/v2\/types\/page"}],"author":[{"embeddable":true,"href":"https:\/\/techfablab-larioja.es\/index.php?rest_route=\/wp\/v2\/users\/1"}],"replies":[{"embeddable":true,"href":"https:\/\/techfablab-larioja.es\/index.php?rest_route=%2Fwp%2Fv2%2Fcomments&post=603"}],"version-history":[{"count":7,"href":"https:\/\/techfablab-larioja.es\/index.php?rest_route=\/wp\/v2\/pages\/603\/revisions"}],"predecessor-version":[{"id":611,"href":"https:\/\/techfablab-larioja.es\/index.php?rest_route=\/wp\/v2\/pages\/603\/revisions\/611"}],"wp:attachment":[{"href":"https:\/\/techfablab-larioja.es\/index.php?rest_route=%2Fwp%2Fv2%2Fmedia&parent=603"}],"curies":[{"name":"wp","href":"https:\/\/api.w.org\/{rel}","templated":true}]}}